{"id":45769,"date":"2022-10-29T05:18:41","date_gmt":"2022-10-29T05:18:41","guid":{"rendered":"https:\/\/iredesk.com\/servicios\/"},"modified":"2025-11-19T15:13:15","modified_gmt":"2025-11-19T15:13:15","slug":"servicios","status":"publish","type":"page","link":"https:\/\/iredesk.com\/es\/servicios\/","title":{"rendered":"Servicios"},"content":{"rendered":"\t\t<div data-elementor-type=\"wp-page\" data-elementor-id=\"45769\" class=\"elementor elementor-45769 elementor-15293\" data-elementor-post-type=\"page\">\n\t\t\t\t\t\t<section class=\"elementor-section elementor-top-section elementor-element elementor-element-0529980 elementor-section-stretched elementor-section-boxed elementor-section-height-default elementor-section-height-default tm-col-stretched-none tm-bg-color-over-image\" data-id=\"0529980\" data-element_type=\"section\" data-e-type=\"section\" data-settings=\"{&quot;stretch_section&quot;:&quot;section-stretched&quot;}\">\n\t\t\t\t\t\t<div class=\"elementor-container elementor-column-gap-extended\">\n\t\t\t\t\t<div class=\"elementor-column elementor-col-100 elementor-top-column elementor-element elementor-element-91de9f9 tm-bg-color-over-image\" data-id=\"91de9f9\" data-element_type=\"column\" data-e-type=\"column\">\n\t\t\t<div class=\"elementor-widget-wrap elementor-element-populated\">\n\t\t\t\t\t\t<div class=\"elementor-element elementor-element-101b466 horizontal-line-align-left vertical-line-align-bottom elementor-widget elementor-widget-tm-ele-section-title\" data-id=\"101b466\" data-element_type=\"widget\" data-e-type=\"widget\" data-widget_type=\"tm-ele-section-title.default\">\n\t\t\t\t<div class=\"elementor-widget-container\">\n\t\t\t\t\t<div class=\"tm-sc-section-title section-title \">\r\n\t<div class=\"title-wrapper\">\r\n\t\t\t\t\t\t<h6 class=\"subtitle \">\r\n\r\n\t\t\r\n\t\tEspecializaci\u00f3n\t<\/h6>\r\n\t\t\t\t<h2 class=\"title \">\r\n\r\n\t\t\r\n\t\t\t\t<span class=\"title-part1 \">Qu\u00e9 hacemos<\/span>\r\n\t\t\t\t\r\n\t\t\r\n\t<\/h2>\r\n\t<div class=\"title-seperator-line\"><\/div>\t\t\t\t\t\t<div class=\"paragraph\">\r\n\t\t<p dir=\"auto\">En Infinite Remote Desk reunimos numerosos servicios especializados bajo un \u00fanico nombre de confianza. Con un compromiso absoluto por la excelencia, ofrecemos soluciones rentables, confiables, eficientes y centradas en el cliente, perfectamente adaptadas a las necesidades de tu empresa, garantizando calidad y escalabilidad en cada proyecto.<\/p><div><\/div>\t<\/div>\r\n\t\t<\/div>\r\n<\/div>\t\t\t\t<\/div>\n\t\t\t\t<\/div>\n\t\t\t\t<div class=\"elementor-element elementor-element-68856a8 elementor-widget elementor-widget-tm-ele-cpt-services\" data-id=\"68856a8\" data-element_type=\"widget\" data-e-type=\"widget\" data-widget_type=\"tm-ele-cpt-services.skin-style-current-theme1\">\n\t\t\t\t<div class=\"elementor-widget-container\">\n\t\t\t\t\t\r\n\t<div class=\"tm-sc-services tm-sc-services-grid \">\r\n\t\t\r\n\t\r\n\t\t<!-- Isotope Gallery Grid -->\r\n\t\t<div id=\"services-holder-934207\" class=\"isotope-layout grid-3 gutter-15 clearfix\">\r\n\t\t\t<div class=\"isotope-layout-inner\">\r\n\r\n                <!-- the loop -->\r\n                                                <div class=\"isotope-item \">\r\n                    <div class=\"post-45791 services type-services status-publish has-post-thumbnail hentry\">\r\n\t<div class=\"service-block service-item-current-style1\">\r\n\t\t<div class=\"inner-box\">\r\n\t\t\t<span class=\"count\"><\/span>\r\n\t\t\t\t<h4 class=\"title service-title\">\r\n\t\t<a href=\"https:\/\/iredesk.com\/es\/services\/data-entry\/\">Ingreso de Datos<\/a>\r\n\t\t<\/h4>\r\n\t\t\t\t\t\t\t\t\t\t\t\t\t\t\t<div class=\"excerpt service-details\">\r\n\t\t\t\t\t\tProcesamiento r\u00e1pido y seguro con 99 % de precisi\u00f3n, ahorrando tiempo y costos.\t\t\t\t\t<\/div>\r\n\t\t\t\t\t\t\t\t\t\t\t\t\t\t<div class=\"btn-view-details \">\r\n    <a href=\"https:\/\/iredesk.com\/es\/services\/data-entry\/\"\r\n      class=\"btn btn-theme-colored1 btn-xs\">\r\n      LEER M\u00c1S    <\/a>\r\n<\/div>\t\t\t\t\t<\/div>\r\n\t<\/div>\r\n<\/div>                <\/div>\r\n                                                <div class=\"isotope-item \">\r\n                    <div class=\"post-45792 services type-services status-publish has-post-thumbnail hentry\">\r\n\t<div class=\"service-block service-item-current-style1\">\r\n\t\t<div class=\"inner-box\">\r\n\t\t\t<span class=\"count\"><\/span>\r\n\t\t\t\t<h4 class=\"title service-title\">\r\n\t\t<a href=\"https:\/\/iredesk.com\/es\/services\/accounting\/\">Finanzas y Contabilidad<\/a>\r\n\t\t<\/h4>\r\n\t\t\t\t\t\t\t\t\t\t\t\t\t\t\t<div class=\"excerpt service-details\">\r\n\t\t\t\t\t\tGesti\u00f3n financiera precisa, registros sin errores y soporte altamente rentable.\t\t\t\t\t<\/div>\r\n\t\t\t\t\t\t\t\t\t\t\t\t\t\t<div class=\"btn-view-details \">\r\n    <a href=\"https:\/\/iredesk.com\/es\/services\/accounting\/\"\r\n      class=\"btn btn-theme-colored1 btn-xs\">\r\n      LEER M\u00c1S    <\/a>\r\n<\/div>\t\t\t\t\t<\/div>\r\n\t<\/div>\r\n<\/div>                <\/div>\r\n                                                <div class=\"isotope-item \">\r\n                    <div class=\"post-45796 services type-services status-publish has-post-thumbnail hentry\">\r\n\t<div class=\"service-block service-item-current-style1\">\r\n\t\t<div class=\"inner-box\">\r\n\t\t\t<span class=\"count\"><\/span>\r\n\t\t\t\t<h4 class=\"title service-title\">\r\n\t\t<a href=\"https:\/\/iredesk.com\/es\/services\/ui-ux-designing\/\">Dise\u00f1o Web y de Aplicaciones<\/a>\r\n\t\t<\/h4>\r\n\t\t\t\t\t\t\t\t\t\t\t\t\t\t\t<div class=\"excerpt service-details\">\r\n\t\t\t\t\t\tDise\u00f1os personalizados y f\u00e1ciles de usar que potencian el atractivo digital de tu marca.\t\t\t\t\t<\/div>\r\n\t\t\t\t\t\t\t\t\t\t\t\t\t\t<div class=\"btn-view-details \">\r\n    <a href=\"https:\/\/iredesk.com\/es\/services\/ui-ux-designing\/\"\r\n      class=\"btn btn-theme-colored1 btn-xs\">\r\n      LEER M\u00c1S    <\/a>\r\n<\/div>\t\t\t\t\t<\/div>\r\n\t<\/div>\r\n<\/div>                <\/div>\r\n                                                <div class=\"isotope-item \">\r\n                    <div class=\"post-45795 services type-services status-publish has-post-thumbnail hentry\">\r\n\t<div class=\"service-block service-item-current-style1\">\r\n\t\t<div class=\"inner-box\">\r\n\t\t\t<span class=\"count\"><\/span>\r\n\t\t\t\t<h4 class=\"title service-title\">\r\n\t\t<a href=\"https:\/\/iredesk.com\/es\/services\/social-media-management\/\">Gesti\u00f3n de Redes Sociales<\/a>\r\n\t\t<\/h4>\r\n\t\t\t\t\t\t\t\t\t\t\t\t\t\t\t<div class=\"excerpt service-details\">\r\n\t\t\t\t\t\tImpulsa tu presencia online con contenido personalizado y estrategias de engagement efectivas.\t\t\t\t\t<\/div>\r\n\t\t\t\t\t\t\t\t\t\t\t\t\t\t<div class=\"btn-view-details \">\r\n    <a href=\"https:\/\/iredesk.com\/es\/services\/social-media-management\/\"\r\n      class=\"btn btn-theme-colored1 btn-xs\">\r\n      LEER M\u00c1S    <\/a>\r\n<\/div>\t\t\t\t\t<\/div>\r\n\t<\/div>\r\n<\/div>                <\/div>\r\n                                                <div class=\"isotope-item \">\r\n                    <div class=\"post-45794 services type-services status-publish has-post-thumbnail hentry\">\r\n\t<div class=\"service-block service-item-current-style1\">\r\n\t\t<div class=\"inner-box\">\r\n\t\t\t<span class=\"count\"><\/span>\r\n\t\t\t\t<h4 class=\"title service-title\">\r\n\t\t<a href=\"https:\/\/iredesk.com\/es\/services\/staffing\/\">Personal Remoto Offshore<\/a>\r\n\t\t<\/h4>\r\n\t\t\t\t\t\t\t\t\t\t\t\t\t\t\t<div class=\"excerpt service-details\">\r\n\t\t\t\t\t\tEquipos remotos altamente capacitados y rentables, adaptados a las necesidades de tu empresa.\t\t\t\t\t<\/div>\r\n\t\t\t\t\t\t\t\t\t\t\t\t\t\t<div class=\"btn-view-details \">\r\n    <a href=\"https:\/\/iredesk.com\/es\/services\/staffing\/\"\r\n      class=\"btn btn-theme-colored1 btn-xs\">\r\n      LEER M\u00c1S    <\/a>\r\n<\/div>\t\t\t\t\t<\/div>\r\n\t<\/div>\r\n<\/div>                <\/div>\r\n                                                <div class=\"isotope-item \">\r\n                    <div class=\"post-45793 services type-services status-publish has-post-thumbnail hentry\">\r\n\t<div class=\"service-block service-item-current-style1\">\r\n\t\t<div class=\"inner-box\">\r\n\t\t\t<span class=\"count\"><\/span>\r\n\t\t\t\t<h4 class=\"title service-title\">\r\n\t\t<a href=\"https:\/\/iredesk.com\/es\/services\/virtual-assistance\/\">Asistencia Virtual<\/a>\r\n\t\t<\/h4>\r\n\t\t\t\t\t\t\t\t\t\t\t\t\t\t\t<div class=\"excerpt service-details\">\r\n\t\t\t\t\t\tSoporte administrativo personalizado, disponibilidad 24\/7 y aumento de productividad a un costo accesible.\t\t\t\t\t<\/div>\r\n\t\t\t\t\t\t\t\t\t\t\t\t\t\t<div class=\"btn-view-details \">\r\n    <a href=\"https:\/\/iredesk.com\/es\/services\/virtual-assistance\/\"\r\n      class=\"btn btn-theme-colored1 btn-xs\">\r\n      LEER M\u00c1S    <\/a>\r\n<\/div>\t\t\t\t\t<\/div>\r\n\t<\/div>\r\n<\/div>                <\/div>\r\n                                                <div class=\"isotope-item \">\r\n                    <div class=\"post-45790 services type-services status-publish has-post-thumbnail hentry\">\r\n\t<div class=\"service-block service-item-current-style1\">\r\n\t\t<div class=\"inner-box\">\r\n\t\t\t<span class=\"count\"><\/span>\r\n\t\t\t\t<h4 class=\"title service-title\">\r\n\t\t<a href=\"https:\/\/iredesk.com\/es\/services\/call-center\/\">Centro de Llamadas<\/a>\r\n\t\t<\/h4>\r\n\t\t\t\t\t\t\t\t\t\t\t\t\t\t\t<div class=\"excerpt service-details\">\r\n\t\t\t\t\t\tAtenci\u00f3n al cliente 24\/7 con comunicaci\u00f3n fluida que aumenta la satisfacci\u00f3n de tus clientes.\t\t\t\t\t<\/div>\r\n\t\t\t\t\t\t\t\t\t\t\t\t\t\t<div class=\"btn-view-details \">\r\n    <a href=\"https:\/\/iredesk.com\/es\/services\/call-center\/\"\r\n      class=\"btn btn-theme-colored1 btn-xs\">\r\n      LEER M\u00c1S    <\/a>\r\n<\/div>\t\t\t\t\t<\/div>\r\n\t<\/div>\r\n<\/div>                <\/div>\r\n                                                <div class=\"isotope-item \">\r\n                    <div class=\"post-45789 services type-services status-publish has-post-thumbnail hentry\">\r\n\t<div class=\"service-block service-item-current-style1\">\r\n\t\t<div class=\"inner-box\">\r\n\t\t\t<span class=\"count\"><\/span>\r\n\t\t\t\t<h4 class=\"title service-title\">\r\n\t\t<a href=\"https:\/\/iredesk.com\/es\/services\/surveillance\/\">Videovigilancia Remota<\/a>\r\n\t\t<\/h4>\r\n\t\t\t\t\t\t\t\t\t\t\t\t\t\t\t<div class=\"excerpt service-details\">\r\n\t\t\t\t\t\tSoluciones de monitoreo seguras que garantizan la protecci\u00f3n con supervisi\u00f3n en tiempo real.\t\t\t\t\t<\/div>\r\n\t\t\t\t\t\t\t\t\t\t\t\t\t\t<div class=\"btn-view-details \">\r\n    <a href=\"https:\/\/iredesk.com\/es\/services\/surveillance\/\"\r\n      class=\"btn btn-theme-colored1 btn-xs\">\r\n      LEER M\u00c1S    <\/a>\r\n<\/div>\t\t\t\t\t<\/div>\r\n\t<\/div>\r\n<\/div>                <\/div>\r\n                                                <div class=\"isotope-item \">\r\n                    <div class=\"post-45788 services type-services status-publish has-post-thumbnail hentry\">\r\n\t<div class=\"service-block service-item-current-style1\">\r\n\t\t<div class=\"inner-box\">\r\n\t\t\t<span class=\"count\"><\/span>\r\n\t\t\t\t<h4 class=\"title service-title\">\r\n\t\t<a href=\"https:\/\/iredesk.com\/es\/services\/designing\/\">Dise\u00f1o<\/a>\r\n\t\t<\/h4>\r\n\t\t\t\t\t\t\t\t\t\t\t\t\t\t\t<div class=\"excerpt service-details\">\r\n\t\t\t\t\t\tLogotipos impactantes, cat\u00e1logos, banners, kits de branding, flyers y tarjetas que impulsan el crecimiento\t\t\t\t\t<\/div>\r\n\t\t\t\t\t\t\t\t\t\t\t\t\t\t<div class=\"btn-view-details \">\r\n    <a href=\"https:\/\/iredesk.com\/es\/services\/designing\/\"\r\n      class=\"btn btn-theme-colored1 btn-xs\">\r\n      LEER M\u00c1S    <\/a>\r\n<\/div>\t\t\t\t\t<\/div>\r\n\t<\/div>\r\n<\/div>                <\/div>\r\n                                <!-- end of the loop -->\r\n\t\t\t<\/div>\r\n\t\t<\/div>\r\n\t\t\t<\/div>\r\n\r\n\r\n\t\t\t\t<\/div>\n\t\t\t\t<\/div>\n\t\t\t\t\t<\/div>\n\t\t<\/div>\n\t\t\t\t\t<\/div>\n\t\t<\/section>\n\t\t\t\t<\/div>\n\t\t","protected":false},"excerpt":{"rendered":"<p>Especializaci\u00f3n Qu\u00e9 hacemos En Infinite Remote Desk reunimos numerosos servicios especializados bajo un \u00fanico nombre de confianza. Con un compromiso&#8230;<\/p>\n","protected":false},"author":1,"featured_media":0,"parent":0,"menu_order":0,"comment_status":"closed","ping_status":"closed","template":"","meta":{"footnotes":""},"class_list":["post-45769","page","type-page","status-publish","hentry"],"_links":{"self":[{"href":"https:\/\/iredesk.com\/es\/wp-json\/wp\/v2\/pages\/45769","targetHints":{"allow":["GET"]}}],"collection":[{"href":"https:\/\/iredesk.com\/es\/wp-json\/wp\/v2\/pages"}],"about":[{"href":"https:\/\/iredesk.com\/es\/wp-json\/wp\/v2\/types\/page"}],"author":[{"embeddable":true,"href":"https:\/\/iredesk.com\/es\/wp-json\/wp\/v2\/users\/1"}],"replies":[{"embeddable":true,"href":"https:\/\/iredesk.com\/es\/wp-json\/wp\/v2\/comments?post=45769"}],"version-history":[{"count":7,"href":"https:\/\/iredesk.com\/es\/wp-json\/wp\/v2\/pages\/45769\/revisions"}],"predecessor-version":[{"id":45912,"href":"https:\/\/iredesk.com\/es\/wp-json\/wp\/v2\/pages\/45769\/revisions\/45912"}],"wp:attachment":[{"href":"https:\/\/iredesk.com\/es\/wp-json\/wp\/v2\/media?parent=45769"}],"curies":[{"name":"wp","href":"https:\/\/api.w.org\/{rel}","templated":true}]}}